{"id":879,"date":"2022-11-22T10:00:00","date_gmt":"2022-11-22T09:00:00","guid":{"rendered":"https:\/\/noctiraid.universite-paris-saclay.fr\/?page_id=879"},"modified":"2024-02-08T09:52:57","modified_gmt":"2024-02-08T08:52:57","slug":"benevoles","status":"publish","type":"page","link":"https:\/\/noctiraid.universite-paris-saclay.fr\/?page_id=879","title":{"rendered":"B\u00e9n\u00e9voles"},"content":{"rendered":"\n<p class=\"has-primary-color has-text-color\">LES\u00a0INSCRIPTIONS\u00a0DES\u00a0B\u00c9N\u00c9VOLES\u00a0SONT\u00a0FERM\u00c9ES. <\/p>\n\n\n\n<p><strong>Le NoctiRaid c\u2019est quoi ?<\/strong> <\/p>\n\n\n\n<p>C\u2019est une exp\u00e9rience passionnante qui rassemble la communaut\u00e9 pour une nuit m\u00e9morable remplie d\u2019apprentissages, de sueurs et surtout de sourires.&nbsp;<\/p>\n\n\n\n<p><strong>Comment cela se passe ?<\/strong> <\/p>\n\n\n\n<p>Pour la 15\u00e8me \u00e9dition du Noctiraid, nous organisons 3 courses : les premiers coureurs s\u2019\u00e9lanceront l\u2019apr\u00e8s midi sur les NoctiSprint et NoctiJunior et les suivants sur la course phare de nuit, le NoctiRaid.<\/p>\n\n\n\n<hr class=\"wp-block-separator\"\/>\n\n\n\n<p>La r\u00e9ussite de l&#8217;\u00e9v\u00e9nement d\u00e9pend grandement de l&#8217;implication de ses b\u00e9n\u00e9voles.\u00a0Nous sommes ravis d&#8217;annoncer que plus de 100 b\u00e9n\u00e9voles participeront \u00e0 la 15\u00e8me \u00e9dition du Noctiraid.<\/p>\n\n\n\n<figure class=\"wp-block-image alignfull size-large\"><img loading=\"lazy\" width=\"2560\" height=\"511\" src=\"https:\/\/noctiraid.universite-paris-saclay.fr\/wp-content\/uploads\/2023\/11\/Benevoles-2560x511.png\" alt=\"\" class=\"wp-image-1274\" srcset=\"https:\/\/noctiraid.universite-paris-saclay.fr\/wp-content\/uploads\/2023\/11\/Benevoles-2560x511.png 2560w, https:\/\/noctiraid.universite-paris-saclay.fr\/wp-content\/uploads\/2023\/11\/Benevoles-300x60.png 300w, https:\/\/noctiraid.universite-paris-saclay.fr\/wp-content\/uploads\/2023\/11\/Benevoles-768x153.png 768w, https:\/\/noctiraid.universite-paris-saclay.fr\/wp-content\/uploads\/2023\/11\/Benevoles-1536x307.png 1536w, https:\/\/noctiraid.universite-paris-saclay.fr\/wp-content\/uploads\/2023\/11\/Benevoles-2048x409.png 2048w, https:\/\/noctiraid.universite-paris-saclay.fr\/wp-content\/uploads\/2023\/11\/Benevoles-1568x313.png 1568w\" sizes=\"(max-width: 2560px) 100vw, 2560px\" \/><\/figure>\n\n\n\n<p>Les postes:<\/p>\n\n\n\n<ul><li>Signaleur<\/li><li>Logistique<\/li><li>Biathlon<\/li><li>D\u00e9part \/ Arriv\u00e9e<\/li><li>Coursier<\/li><li>Aide sur village<\/li><li>Check-in<\/li><\/ul>\n\n\n\n<h2>Pourquoi nous rejoindre ?<\/h2>\n\n\n\n<p>\u2605 Vivre un \u00e9v\u00e9nement sportif de l\u2019int\u00e9rieur.<\/p>\n\n\n\n<p>\u2605 Profiter d\u2019une exp\u00e9rience professionnelle valorisante.<\/p>\n\n\n\n<p>\u2605 Repartir avec un pack b\u00e9n\u00e9vole aux couleurs du NoctiRaid.<\/p>\n\n\n\n<p>\u2605 Partager une pasta party entre les 3 courses.<\/p>\n\n\n\n<p>\u2605 Faire de nouvelles rencontres.<\/p>\n\n\n\n<p>\u2605 Participer \u00e0 un jeu concours.<\/p>\n\n\n\n<hr class=\"wp-block-separator\"\/>\n\n\n\n<div class=\"wp-block-file alignwide\"><object class=\"wp-block-file__embed\" data=\"https:\/\/noctiraid.universite-paris-saclay.fr\/wp-content\/uploads\/2023\/11\/Dossier-de-Volontaires-Noctiraid-2024.pdf\" type=\"application\/pdf\" style=\"width:100%;height:600px\" aria-label=\"Embed of Dossier-de-Volontaires-Noctiraid-2024.\"><\/object><a href=\"https:\/\/noctiraid.universite-paris-saclay.fr\/wp-content\/uploads\/2023\/11\/Dossier-de-Volontaires-Noctiraid-2024.pdf\">Dossier-de-Volontaires-Noctiraid-2024<\/a><a href=\"https:\/\/noctiraid.universite-paris-saclay.fr\/wp-content\/uploads\/2023\/11\/Dossier-de-Volontaires-Noctiraid-2024.pdf\" class=\"wp-block-file__button\" download>Download<\/a><\/div>\n\n\n\n<h4 class=\"alignfull has-text-align-center\">Nous contacter : benevole.noctiraid@gmail.com<\/h4>\n\n\n\n<p><\/p>\n","protected":false},"excerpt":{"rendered":"<p>LES\u00a0INSCRIPTIONS\u00a0DES\u00a0B\u00c9N\u00c9VOLES\u00a0SONT\u00a0FERM\u00c9ES. Le NoctiRaid c\u2019est quoi ? C\u2019est une exp\u00e9rience passionnante qui rassemble la communaut\u00e9 pour une nuit m\u00e9morable remplie d\u2019apprentissages, de sueurs et surtout de sourires.&nbsp; Comment cela se passe ? Pour la 15\u00e8me \u00e9dition du Noctiraid, nous organisons 3 courses : les premiers coureurs s\u2019\u00e9lanceront l\u2019apr\u00e8s midi sur les NoctiSprint et NoctiJunior et les &hellip; <\/p>\n<p class=\"link-more\"><a href=\"https:\/\/noctiraid.universite-paris-saclay.fr\/?page_id=879\" class=\"more-link\">Continue reading<span class=\"screen-reader-text\"> &#8220;B\u00e9n\u00e9voles&#8221;<\/span><\/a><\/p>\n","protected":false},"author":6,"featured_media":0,"parent":0,"menu_order":0,"comment_status":"closed","ping_status":"closed","template":"","meta":[],"_links":{"self":[{"href":"https:\/\/noctiraid.universite-paris-saclay.fr\/index.php?rest_route=\/wp\/v2\/pages\/879"}],"collection":[{"href":"https:\/\/noctiraid.universite-paris-saclay.fr\/index.php?rest_route=\/wp\/v2\/pages"}],"about":[{"href":"https:\/\/noctiraid.universite-paris-saclay.fr\/index.php?rest_route=\/wp\/v2\/types\/page"}],"author":[{"embeddable":true,"href":"https:\/\/noctiraid.universite-paris-saclay.fr\/index.php?rest_route=\/wp\/v2\/users\/6"}],"replies":[{"embeddable":true,"href":"https:\/\/noctiraid.universite-paris-saclay.fr\/index.php?rest_route=%2Fwp%2Fv2%2Fcomments&post=879"}],"version-history":[{"count":50,"href":"https:\/\/noctiraid.universite-paris-saclay.fr\/index.php?rest_route=\/wp\/v2\/pages\/879\/revisions"}],"predecessor-version":[{"id":1634,"href":"https:\/\/noctiraid.universite-paris-saclay.fr\/index.php?rest_route=\/wp\/v2\/pages\/879\/revisions\/1634"}],"wp:attachment":[{"href":"https:\/\/noctiraid.universite-paris-saclay.fr\/index.php?rest_route=%2Fwp%2Fv2%2Fmedia&parent=879"}],"curies":[{"name":"wp","href":"https:\/\/api.w.org\/{rel}","templated":true}]}}