{"id":873,"date":"2022-11-22T10:00:00","date_gmt":"2022-11-22T09:00:00","guid":{"rendered":"https:\/\/noctiraid.universite-paris-saclay.fr\/?page_id=873"},"modified":"2024-02-07T15:12:15","modified_gmt":"2024-02-07T14:12:15","slug":"inscriptions","status":"publish","type":"page","link":"https:\/\/noctiraid.universite-paris-saclay.fr\/?page_id=873","title":{"rendered":"Inscriptions"},"content":{"rendered":"\n<div class=\"wp-block-columns alignfull\">\n<div class=\"wp-block-column\">\n<figure class=\"wp-block-image alignfull size-large\"><img loading=\"lazy\" width=\"2560\" height=\"1280\" src=\"https:\/\/noctiraid.universite-paris-saclay.fr\/wp-content\/uploads\/2024\/02\/Inscriptions-finale-2560x1280.jpg\" alt=\"\" class=\"wp-image-1617\" srcset=\"https:\/\/noctiraid.universite-paris-saclay.fr\/wp-content\/uploads\/2024\/02\/Inscriptions-finale-2560x1280.jpg 2560w, https:\/\/noctiraid.universite-paris-saclay.fr\/wp-content\/uploads\/2024\/02\/Inscriptions-finale-300x150.jpg 300w, https:\/\/noctiraid.universite-paris-saclay.fr\/wp-content\/uploads\/2024\/02\/Inscriptions-finale-768x384.jpg 768w, https:\/\/noctiraid.universite-paris-saclay.fr\/wp-content\/uploads\/2024\/02\/Inscriptions-finale-1536x768.jpg 1536w, https:\/\/noctiraid.universite-paris-saclay.fr\/wp-content\/uploads\/2024\/02\/Inscriptions-finale-2048x1024.jpg 2048w, https:\/\/noctiraid.universite-paris-saclay.fr\/wp-content\/uploads\/2024\/02\/Inscriptions-finale-1568x784.jpg 1568w\" sizes=\"(max-width: 2560px) 100vw, 2560px\" \/><\/figure>\n<\/div>\n<\/div>\n\n\n\n<h4>Votre inscription comprend:<\/h4>\n\n\n\n<p>\u2605 Pasta party<\/p>\n\n\n\n<p>\u2605 Ravitaillement (NoctiRaid)<\/p>\n\n\n\n<p>\u2605 Des surprises \u00e0 venir &#8230;<\/p>\n\n\n\n<hr class=\"wp-block-separator\"\/>\n\n\n\n<h4>Location de VTT<\/h4>\n\n\n\n<p>L\u2019organisation met \u00e0 disposition des participants la possibilit\u00e9 de louer un VTT et un casque.&nbsp;<\/p>\n\n\n\n<ul><li>Le prix de la location de ce mat\u00e9riel est fix\u00e9 \u00e0 45\u20ac&nbsp;<\/li><\/ul>\n\n\n\n<p>Le VTT et son&nbsp;casque sont r\u00e9cup\u00e9r\u00e9s par le coureur le jour de l\u2019\u00e9v\u00e9nement, apr\u00e8s qu\u2019il ait \u00e9t\u00e9 v\u00e9rifi\u00e9 le&nbsp;paiement de cette location. La v\u00e9rification du bon \u00e9tat du VTT avant le d\u00e9part de la course aura pr\u00e9alablement \u00e9t\u00e9 effectu\u00e9e par le loueur. A la fin de la course, un espace de nettoyage sera mis \u00e0 votre disposition pour rendre le VTT dans l&#8217;\u00e9tat de propret\u00e9 initial.&nbsp;<\/p>\n\n\n\n<hr class=\"wp-block-separator\"\/>\n\n\n\n<h3>R\u00e8glement<\/h3>\n\n\n\n<div class=\"wp-block-file alignwide\"><object class=\"wp-block-file__embed\" data=\"https:\/\/noctiraid.universite-paris-saclay.fr\/wp-content\/uploads\/2024\/02\/Reglement-Noctiraid-2024.pdf\" type=\"application\/pdf\" style=\"width:100%;height:600px\" aria-label=\"Embed of Reglement-Noctiraid-2024.\"><\/object><a href=\"https:\/\/noctiraid.universite-paris-saclay.fr\/wp-content\/uploads\/2024\/02\/Reglement-Noctiraid-2024.pdf\">Reglement-Noctiraid-2024<\/a><a href=\"https:\/\/noctiraid.universite-paris-saclay.fr\/wp-content\/uploads\/2024\/02\/Reglement-Noctiraid-2024.pdf\" class=\"wp-block-file__button\" download>Download<\/a><\/div>\n","protected":false},"excerpt":{"rendered":"<p>Votre inscription comprend: \u2605 Pasta party \u2605 Ravitaillement (NoctiRaid) \u2605 Des surprises \u00e0 venir &#8230; Location de VTT L\u2019organisation met \u00e0 disposition des participants la possibilit\u00e9 de louer un VTT et un casque.&nbsp; Le prix de la location de ce mat\u00e9riel est fix\u00e9 \u00e0 45\u20ac&nbsp; Le VTT et son&nbsp;casque sont r\u00e9cup\u00e9r\u00e9s par le coureur le &hellip; <\/p>\n<p class=\"link-more\"><a href=\"https:\/\/noctiraid.universite-paris-saclay.fr\/?page_id=873\" class=\"more-link\">Continue reading<span class=\"screen-reader-text\"> &#8220;Inscriptions&#8221;<\/span><\/a><\/p>\n","protected":false},"author":7,"featured_media":0,"parent":0,"menu_order":0,"comment_status":"closed","ping_status":"closed","template":"","meta":[],"_links":{"self":[{"href":"https:\/\/noctiraid.universite-paris-saclay.fr\/index.php?rest_route=\/wp\/v2\/pages\/873"}],"collection":[{"href":"https:\/\/noctiraid.universite-paris-saclay.fr\/index.php?rest_route=\/wp\/v2\/pages"}],"about":[{"href":"https:\/\/noctiraid.universite-paris-saclay.fr\/index.php?rest_route=\/wp\/v2\/types\/page"}],"author":[{"embeddable":true,"href":"https:\/\/noctiraid.universite-paris-saclay.fr\/index.php?rest_route=\/wp\/v2\/users\/7"}],"replies":[{"embeddable":true,"href":"https:\/\/noctiraid.universite-paris-saclay.fr\/index.php?rest_route=%2Fwp%2Fv2%2Fcomments&post=873"}],"version-history":[{"count":68,"href":"https:\/\/noctiraid.universite-paris-saclay.fr\/index.php?rest_route=\/wp\/v2\/pages\/873\/revisions"}],"predecessor-version":[{"id":1627,"href":"https:\/\/noctiraid.universite-paris-saclay.fr\/index.php?rest_route=\/wp\/v2\/pages\/873\/revisions\/1627"}],"wp:attachment":[{"href":"https:\/\/noctiraid.universite-paris-saclay.fr\/index.php?rest_route=%2Fwp%2Fv2%2Fmedia&parent=873"}],"curies":[{"name":"wp","href":"https:\/\/api.w.org\/{rel}","templated":true}]}}