{"id":1582,"date":"2024-01-23T11:53:20","date_gmt":"2024-01-23T10:53:20","guid":{"rendered":"https:\/\/noctiraid.universite-paris-saclay.fr\/?page_id=1582"},"modified":"2024-02-08T10:23:56","modified_gmt":"2024-02-08T09:23:56","slug":"q-a","status":"publish","type":"page","link":"https:\/\/noctiraid.universite-paris-saclay.fr\/?page_id=1582","title":{"rendered":"Q &#038; A"},"content":{"rendered":"\n<p><strong>1. Quels sont les horaires de Noctiraid ?<\/strong><\/p>\n\n\n\n<div class=\"wp-block-group\"><div class=\"wp-block-group__inner-container\">\n<ul><li>16h-19h30 &#8211; Retrait Dossard<\/li><\/ul>\n\n\n\n<ul><li>18h-20h &#8211; Pasta party<\/li><\/ul>\n\n\n\n<ul><li>19h45 &#8211; Briefing de la course<\/li><\/ul>\n\n\n\n<ul><li>20h30 &#8211; Ouverture des SAS d\u00e9part<\/li><\/ul>\n\n\n\n<ul><li>21h00 &#8211; D\u00e9part NOCTIRAID<\/li><\/ul>\n\n\n\n<ul><li>2h30 &#8211; Remise des prix (50% des \u00e9quipes arriv\u00e9es)<\/li><\/ul>\n<\/div><\/div>\n\n\n\n<hr class=\"wp-block-separator\"\/>\n\n\n\n<p><strong>2. Comment puis-je m&#8217;inscrire ?<\/strong><\/p>\n\n\n\n<p>L\u2019inscription \u00e0 l\u2019\u00e9dition 2024 du NoctiRaid, du NoctiSprint et du NoctiJunior est accessible depuis le site du NoctiRaid : https:\/\/noctiraid.universite-paris-saclay.fr .&nbsp;<\/p>\n\n\n\n<hr class=\"wp-block-separator\"\/>\n\n\n\n<p><strong>3. Est-il possible de louer des VTT ?<\/strong><\/p>\n\n\n\n<p>L\u2019organisation met \u00e0 disposition des participants la possibilit\u00e9 de louer un VTT et un casque. Le prix de la location de ce mat\u00e9riel est fix\u00e9 \u00e0 45\u20ac par v\u00e9lo (avec un casque).<\/p>\n\n\n\n<hr class=\"wp-block-separator\"\/>\n\n\n\n<p><strong>4. Quels sont les documents requis pour l&#8217;inscription?<\/strong><\/p>\n\n\n\n<p>Vous devez fournir un certificat m\u00e9dical ou licence sportive.<\/p>\n\n\n\n<hr class=\"wp-block-separator\"\/>\n\n\n\n<p><strong>5. Est-il possible d&#8217;annuler l&#8217;inscription ?<\/strong><\/p>\n\n\n\n<p>Jusqu\u2019au 07 Janvier 2024, en cas de blessures\/maladies et sur pr\u00e9sentation d\u2019un justificatif m\u00e9dical, un remboursement sera effectu\u00e9 \u00e0 hauteur de 75% du montant de l\u2019inscription. <\/p>\n\n\n\n<p>Du 08 Janvier 2024 au 14 Janvier 2024, 50% du montant de l\u2019inscription sera rembours\u00e9. <\/p>\n\n\n\n<p>Du 15 Janvier 2024 au 21 Janvier 2024, 25% du montant de l\u2019inscription sera rembours\u00e9. <\/p>\n\n\n\n<p>\u00c0 partir du 22 Janvier 2024, aucun remboursement du montant de l\u2019inscription ne sera accord\u00e9, quelles que soient les causes du d\u00e9sistement du participant.<\/p>\n\n\n\n<hr class=\"wp-block-separator\"\/>\n\n\n\n<p><strong>6. O\u00f9 est la ville \u00ab D\u00e9but et arriv\u00e9e \u00bb ?<\/strong><\/p>\n\n\n\n<p>Le d\u00e9part du NoctiRaid \u00e9tant pr\u00e9vu \u00e0 21h00 sur le campus d\u2019Orsay de l\u2019Universit\u00e9 Paris-Saclay, au b\u00e2timent 225<\/p>\n\n\n\n<hr class=\"wp-block-separator\"\/>\n\n\n\n<p><strong>7. Y aura-t-il une augmentation de prix ?<\/strong><\/p>\n\n\n\n<p>Oui, \u00e0 partir du 1\/01, les prix sur NoctiRaid et NoctiSprint vont augmenter de 10 euros. D\u00e9p\u00eachez-vous de vous inscrire avant que les prix augmentent !<\/p>\n\n\n\n<hr class=\"wp-block-separator\"\/>\n\n\n\n<p><strong>8. Que se passe-t-il si l&#8217;un des membres de l&#8217;\u00e9quipe ne peut pas participer ?<\/strong><\/p>\n\n\n\n<p>Faites-le nous savoir, il est possible mais pas certain que nous pourrons vous placer dans une nouvelle \u00e9quipe<\/p>\n","protected":false},"excerpt":{"rendered":"<p>1. Quels sont les horaires de Noctiraid ? 16h-19h30 &#8211; Retrait Dossard 18h-20h &#8211; Pasta party 19h45 &#8211; Briefing de la course 20h30 &#8211; Ouverture des SAS d\u00e9part 21h00 &#8211; D\u00e9part NOCTIRAID 2h30 &#8211; Remise des prix (50% des \u00e9quipes arriv\u00e9es) 2. Comment puis-je m&#8217;inscrire ? L\u2019inscription \u00e0 l\u2019\u00e9dition 2024 du NoctiRaid, du NoctiSprint et &hellip; <\/p>\n<p class=\"link-more\"><a href=\"https:\/\/noctiraid.universite-paris-saclay.fr\/?page_id=1582\" class=\"more-link\">Continue reading<span class=\"screen-reader-text\"> &#8220;Q &#038; A&#8221;<\/span><\/a><\/p>\n","protected":false},"author":9,"featured_media":0,"parent":0,"menu_order":0,"comment_status":"closed","ping_status":"closed","template":"","meta":[],"_links":{"self":[{"href":"https:\/\/noctiraid.universite-paris-saclay.fr\/index.php?rest_route=\/wp\/v2\/pages\/1582"}],"collection":[{"href":"https:\/\/noctiraid.universite-paris-saclay.fr\/index.php?rest_route=\/wp\/v2\/pages"}],"about":[{"href":"https:\/\/noctiraid.universite-paris-saclay.fr\/index.php?rest_route=\/wp\/v2\/types\/page"}],"author":[{"embeddable":true,"href":"https:\/\/noctiraid.universite-paris-saclay.fr\/index.php?rest_route=\/wp\/v2\/users\/9"}],"replies":[{"embeddable":true,"href":"https:\/\/noctiraid.universite-paris-saclay.fr\/index.php?rest_route=%2Fwp%2Fv2%2Fcomments&post=1582"}],"version-history":[{"count":6,"href":"https:\/\/noctiraid.universite-paris-saclay.fr\/index.php?rest_route=\/wp\/v2\/pages\/1582\/revisions"}],"predecessor-version":[{"id":1652,"href":"https:\/\/noctiraid.universite-paris-saclay.fr\/index.php?rest_route=\/wp\/v2\/pages\/1582\/revisions\/1652"}],"wp:attachment":[{"href":"https:\/\/noctiraid.universite-paris-saclay.fr\/index.php?rest_route=%2Fwp%2Fv2%2Fmedia&parent=1582"}],"curies":[{"name":"wp","href":"https:\/\/api.w.org\/{rel}","templated":true}]}}