{"id":1037,"date":"2022-11-27T16:35:18","date_gmt":"2022-11-27T15:35:18","guid":{"rendered":"https:\/\/noctiraid.universite-paris-saclay.fr\/?page_id=1037"},"modified":"2023-11-07T09:44:38","modified_gmt":"2023-11-07T08:44:38","slug":"nos-engagements","status":"publish","type":"page","link":"https:\/\/noctiraid.universite-paris-saclay.fr\/?page_id=1037","title":{"rendered":"Nos engagements"},"content":{"rendered":"\n<p>\u2794 Dimension Sociale<\/p>\n\n\n\n<ul><li>Un \u00e9v\u00e9nement ouvert \u00e0 tous qui vise \u00e0 r\u00e9unir des participants autour de valeurs communes.<\/li><\/ul>\n\n\n\n<p>\u2794 Dimension Durable<\/p>\n\n\n\n<ul><li>Un \u00e9v\u00e9nement \u00e9co-responsable: la limitation de l&#8217;empreinte carbone et le tri des d\u00e9chets.<\/li><\/ul>\n\n\n\n<p>\u2794 Dimension Sportive<\/p>\n\n\n\n<ul><li>Trois parcours r\u00e9invent\u00e9s qui encouragent chaque \u00e9quipe \u00e0 se d\u00e9passer.<\/li><\/ul>\n","protected":false},"excerpt":{"rendered":"<p>\u2794 Dimension Sociale Un \u00e9v\u00e9nement ouvert \u00e0 tous qui vise \u00e0 r\u00e9unir des participants autour de valeurs communes. \u2794 Dimension Durable Un \u00e9v\u00e9nement \u00e9co-responsable: la limitation de l&#8217;empreinte carbone et le tri des d\u00e9chets. \u2794 Dimension Sportive Trois parcours r\u00e9invent\u00e9s qui encouragent chaque \u00e9quipe \u00e0 se d\u00e9passer.<\/p>\n","protected":false},"author":7,"featured_media":0,"parent":0,"menu_order":0,"comment_status":"closed","ping_status":"closed","template":"","meta":[],"_links":{"self":[{"href":"https:\/\/noctiraid.universite-paris-saclay.fr\/index.php?rest_route=\/wp\/v2\/pages\/1037"}],"collection":[{"href":"https:\/\/noctiraid.universite-paris-saclay.fr\/index.php?rest_route=\/wp\/v2\/pages"}],"about":[{"href":"https:\/\/noctiraid.universite-paris-saclay.fr\/index.php?rest_route=\/wp\/v2\/types\/page"}],"author":[{"embeddable":true,"href":"https:\/\/noctiraid.universite-paris-saclay.fr\/index.php?rest_route=\/wp\/v2\/users\/7"}],"replies":[{"embeddable":true,"href":"https:\/\/noctiraid.universite-paris-saclay.fr\/index.php?rest_route=%2Fwp%2Fv2%2Fcomments&post=1037"}],"version-history":[{"count":7,"href":"https:\/\/noctiraid.universite-paris-saclay.fr\/index.php?rest_route=\/wp\/v2\/pages\/1037\/revisions"}],"predecessor-version":[{"id":1300,"href":"https:\/\/noctiraid.universite-paris-saclay.fr\/index.php?rest_route=\/wp\/v2\/pages\/1037\/revisions\/1300"}],"wp:attachment":[{"href":"https:\/\/noctiraid.universite-paris-saclay.fr\/index.php?rest_route=%2Fwp%2Fv2%2Fmedia&parent=1037"}],"curies":[{"name":"wp","href":"https:\/\/api.w.org\/{rel}","templated":true}]}}