{"id":1015,"date":"2022-11-27T16:15:43","date_gmt":"2022-11-27T15:15:43","guid":{"rendered":"https:\/\/noctiraid.universite-paris-saclay.fr\/?page_id=1015"},"modified":"2023-11-07T11:39:31","modified_gmt":"2023-11-07T10:39:31","slug":"venir","status":"publish","type":"page","link":"https:\/\/noctiraid.universite-paris-saclay.fr\/?page_id=1015","title":{"rendered":"Venir"},"content":{"rendered":"\n<figure class=\"wp-block-image alignwide size-large\"><img loading=\"lazy\" width=\"2560\" height=\"467\" src=\"https:\/\/noctiraid.universite-paris-saclay.fr\/wp-content\/uploads\/2022\/11\/Capture-decran-2022-11-27-a-17.32.19-2560x467.png\" alt=\"\" class=\"wp-image-1068\" srcset=\"https:\/\/noctiraid.universite-paris-saclay.fr\/wp-content\/uploads\/2022\/11\/Capture-decran-2022-11-27-a-17.32.19-2560x467.png 2560w, https:\/\/noctiraid.universite-paris-saclay.fr\/wp-content\/uploads\/2022\/11\/Capture-decran-2022-11-27-a-17.32.19-300x55.png 300w, https:\/\/noctiraid.universite-paris-saclay.fr\/wp-content\/uploads\/2022\/11\/Capture-decran-2022-11-27-a-17.32.19-768x140.png 768w, https:\/\/noctiraid.universite-paris-saclay.fr\/wp-content\/uploads\/2022\/11\/Capture-decran-2022-11-27-a-17.32.19-1536x280.png 1536w, https:\/\/noctiraid.universite-paris-saclay.fr\/wp-content\/uploads\/2022\/11\/Capture-decran-2022-11-27-a-17.32.19-2048x373.png 2048w, https:\/\/noctiraid.universite-paris-saclay.fr\/wp-content\/uploads\/2022\/11\/Capture-decran-2022-11-27-a-17.32.19-1568x286.png 1568w\" sizes=\"(max-width: 2560px) 100vw, 2560px\" \/><\/figure>\n\n\n\n<h2>Le RER B<\/h2>\n\n\n\n<p>Il existe deux gares \u00e0 Bures-sur-Yvette :<\/p>\n\n\n\n<ul><li>Bures-sur-Yvette<\/li><li>La Hacquini\u00e8re&nbsp;<\/li><\/ul>\n\n\n\n<p>Pour venir \u00e0 Bures depuis Paris, deux acc\u00e8s sont possibles :<\/p>\n\n\n\n<ul><li>par le RER B, direction Saint-R\u00e9my-l\u00e8s-Chevreuse,<\/li><li>par le RER C, correspondance \u00e0 Massy-Palaiseau avec le RER B.<\/li><\/ul>\n\n\n\n<h2>Les bus<\/h2>\n\n\n\n<p>Il existe 9 lignes de bus passant par Bures-sur-Yvette, elles sont desservies par deux organismes : les cars d\u2019Orsay et la SAVAC.<\/p>\n\n\n\n<p class=\"has-white-color has-text-color\"><a href=\"http:\/\/www.savac.fr\/\" target=\"_blank\" rel=\"noreferrer noopener\">Groupe SAVAC<\/a>&nbsp;:<\/p>\n\n\n\n<ul><li>39-05 Orsay \u2013 Fontenay-les-Briis<\/li><li>39-07 Orsay \u2013 St Arnoult en Yvelines<\/li><li>39-14 Orsay \u2013 Les Ulis \u2013 Gometz \u2013 Vaugrigneuse<\/li><li>39-15 Janvry \u2013 Briis-sous-Forges<\/li><\/ul>\n\n\n\n<p class=\"has-white-color has-text-color\"><a href=\"https:\/\/www.transdev-idf.com\/r%C3%A9seau-bus-les-cars-d-orsay\/006\" target=\"_blank\" rel=\"noreferrer noopener\">Les cars d\u2019Orsay<\/a>&nbsp;:<\/p>\n\n\n\n<ul><li>Ligne 20 : Bures-sur-Yvette (Briand) \u00e0 Bures-sur-Yvette (Guyonnerie)<\/li><li>Ligne 3 : CC Ulis 2 \u2013 Orsay RER<\/li><li>Ligne 4 : CC Ulis 2 \u2013 Bures-sur-Yvette 8 mai 45 \u2013 avec arr\u00eat \u00e0 la Gare de Bures<\/li><li>Ligne 5 : Courtaboeuf Sud \u2013 Les Ulis Aubrac \u2013 Orsay RER<\/li><li>Ligne 8 : Bois Persan \u2013 Orsay RER \u2013 Couturier<\/li><\/ul>\n\n\n\n<p class=\"has-white-color has-text-color\">Voir l\u2019ensemble du r\u00e9seau des lignes de bus sur le&nbsp;<a href=\"http:\/\/www.paris-saclay.com\/vivre-ici\/mobilite\/bus-285.html\" target=\"_blank\" rel=\"noreferrer noopener\">site internet de la communaut\u00e9 Paris-Saclay.<\/a><\/p>\n\n\n\n<h2>Les taxis<\/h2>\n\n\n\n<ul><li>Radio-Taxis Bures-sur-Yvette<br>1 avenue de Laponie<br>Z.A. Courtab\u0153uf<br>91953 Les Ulis cedex<br>01 69 07 48 88<\/li><li>Taxi Scherrens Christophe<br>&nbsp;06 62 74 65 65<\/li><\/ul>\n\n\n\n<h2>Le covoiturage<\/h2>\n\n\n\n<p class=\"has-white-color has-text-color\">Rendez-vous sur le site <a href=\"https:\/\/www.blablacar.fr\/\" target=\"_blank\" rel=\"noreferrer noopener\">BlaBlaCar<\/a> pour covoiturage.<\/p>\n\n\n\n<p>Une alternative \u00e0 l\u2019utilisation de la voiture particuli\u00e8re qui s\u2019inscrit dans une d\u00e9marche de d\u00e9veloppement durable. Inscrivez-vous pour vous mettre en relation avec des personnes effectuant des trajets \u00e9quivalents aux v\u00f4tres de fa\u00e7on r\u00e9guli\u00e8re ou occasionnelle et partager ainsi les frais.<\/p>\n","protected":false},"excerpt":{"rendered":"<p>Le RER B Il existe deux gares \u00e0 Bures-sur-Yvette : Bures-sur-Yvette La Hacquini\u00e8re&nbsp; Pour venir \u00e0 Bures depuis Paris, deux acc\u00e8s sont possibles : par le RER B, direction Saint-R\u00e9my-l\u00e8s-Chevreuse, par le RER C, correspondance \u00e0 Massy-Palaiseau avec le RER B. Les bus Il existe 9 lignes de bus passant par Bures-sur-Yvette, elles sont desservies &hellip; <\/p>\n<p class=\"link-more\"><a href=\"https:\/\/noctiraid.universite-paris-saclay.fr\/?page_id=1015\" class=\"more-link\">Continue reading<span class=\"screen-reader-text\"> &#8220;Venir&#8221;<\/span><\/a><\/p>\n","protected":false},"author":7,"featured_media":0,"parent":0,"menu_order":0,"comment_status":"closed","ping_status":"closed","template":"","meta":[],"_links":{"self":[{"href":"https:\/\/noctiraid.universite-paris-saclay.fr\/index.php?rest_route=\/wp\/v2\/pages\/1015"}],"collection":[{"href":"https:\/\/noctiraid.universite-paris-saclay.fr\/index.php?rest_route=\/wp\/v2\/pages"}],"about":[{"href":"https:\/\/noctiraid.universite-paris-saclay.fr\/index.php?rest_route=\/wp\/v2\/types\/page"}],"author":[{"embeddable":true,"href":"https:\/\/noctiraid.universite-paris-saclay.fr\/index.php?rest_route=\/wp\/v2\/users\/7"}],"replies":[{"embeddable":true,"href":"https:\/\/noctiraid.universite-paris-saclay.fr\/index.php?rest_route=%2Fwp%2Fv2%2Fcomments&post=1015"}],"version-history":[{"count":12,"href":"https:\/\/noctiraid.universite-paris-saclay.fr\/index.php?rest_route=\/wp\/v2\/pages\/1015\/revisions"}],"predecessor-version":[{"id":1361,"href":"https:\/\/noctiraid.universite-paris-saclay.fr\/index.php?rest_route=\/wp\/v2\/pages\/1015\/revisions\/1361"}],"wp:attachment":[{"href":"https:\/\/noctiraid.universite-paris-saclay.fr\/index.php?rest_route=%2Fwp%2Fv2%2Fmedia&parent=1015"}],"curies":[{"name":"wp","href":"https:\/\/api.w.org\/{rel}","templated":true}]}}